{"id":676,"date":"2026-03-16T20:40:27","date_gmt":"2026-03-16T20:40:27","guid":{"rendered":"https:\/\/fwt.1d.dk\/?page_id=676"},"modified":"2026-03-16T20:40:27","modified_gmt":"2026-03-16T20:40:27","slug":"the-party","status":"publish","type":"page","link":"https:\/\/fwt.1d.dk\/?page_id=676","title":{"rendered":"Festen"},"content":{"rendered":"<h1>Invitation til rejsefest<\/h1>\n<p>      <img decoding=\"async\" src=\"http:\/\/static1.squarespace.com\/static\/517f9933e4b03c6b86a447b1\/t\/542fe353e4b0cefa6e0df857\/1412424554218\/fest.png?format=original\" alt=\"\"\/><\/p>\n<p>Hej venner!<\/p>\n<p>Hvis det skulle v\u00e6re g\u00e5et nogens n\u00e6se forbi, har vi i l\u00f8bet af det sidste stykke tid ryddet gevaldigt ud i vores ting, opsagt vores lejlighed og k\u00f8bt en flybillet til Osaka, Japan med afgang den 10. februar. Hvad der skal ske derefter, vil tiden vise, men vi regner ikke med at komme hjem igen lige forel\u00f8big.<\/p>\n<p>S\u00c5 derfor holder vi FEST <strong>l\u00f8rdag den 31. januar kl 20<\/strong>, s\u00e5 vi kan n\u00e5 at give jer alle en krammer inden vi flyver.<\/p>\n<p>Festen kommer til at foreg\u00e5 i S\u00f8faldets f\u00e6lleshus p\u00e5 <strong>Tornh\u00f8jvej 100, 8260 Viby J<\/strong>. Bus 11 k\u00f8rer derud hver halve time om aftenen.<\/p>\n<p>Til dem, der kommer langvejs fra, er der rig mulighed for overnatningsplads, hvis I selv medbringer en luftmadras og en sovepose \ud83d\ude42<\/p>\n<p>Vi s\u00f8rger for snacks og m\u00e5ske lidt velkomstdrinks, men alt hvad I \u00f8nsker at indtage derudover, skal I selv medbringe.<\/p>\n<p>Vi gl\u00e6der os til en hyggelig aften sammen med jer &lt;3<\/p>\n<p>Knus og kram<\/p>\n<p>Isa og Jonas<\/p>\n<hr \/>\n<p>Tilmelding:<\/p>\n<div class=\"form-wrapper\">\n<div class=\"form-inner-wrapper\">\n<form autocomplete=\"on\" action=\"https:\/\/isa-lykkehansen.squarespace.com\" method=\"POST\" onsubmit=\"return (function(form) { Y.use\n      ('squarespace-form-submit', 'node',\n      function (Y) { (new Y.Squarespace.FormSubmit({ formNode: Y.Node(form) })).submit('542db422e4b0d8f56e20fbb4', '') }); return false;})(this)\"><\/p>\n<div class=\"field-list clear\">\n<fieldset id=\"name-yui_3_17_2_1_1412281116129_43551\" class=\"form-item fields name required\">\n<div class=\"title\">Navn <span class=\"required\">*<\/span><\/div>\n<legend>Navn<\/legend>\n<div class=\"field first-name\">\n                    <label class=\"caption\"><input class=\"field-element field-control\" name=\"fname\"\n                    x-autocompletetype=\"given-name\" type=\"text\"\n                    spellcheck=\"false\"\n                    maxlength=\"30\"\n                    data-title=\"First\" \/><br \/>\n                    First Name<\/label>\n                  <\/div>\n<div class=\"field last-name\">\n                    <label class=\"caption\"><input class=\"field-element field-control\" name=\"lname\"\n                    x-autocompletetype=\"surname\" type=\"text\"\n                    spellcheck=\"false\" maxlength=\"30\" data-title=\"Last\" \/><br \/>\n                    Last Name<\/label>\n                  <\/div>\n<\/fieldset>\n<div id=\"email-yui_3_17_2_1_1412281116129_43873\" class=\"form-item field email required\">\n                  <label class=\"title\" for=\"email-yui_3_17_2_1_1412281116129_43873-field\">Email <span class=\"required\">*<\/span><\/label><\/p>\n<p>                  <input class=\"field-element\" name=\"email\" x-autocompletetype=\"email\" type=\"text\" spellcheck=\"false\" id=\"email-yui_3_17_2_1_1412281116129_43873-field\" \/>\n                <\/div>\n<div id=\"number-yui_3_17_2_1_1412281116129_60346\" class=\"form-item field number required\">\n                  <label class=\"title\" for=\"number-yui_3_17_2_1_1412281116129_60346-field\">Telefonnr. <span class=\"required\">*<\/span><\/label><\/p>\n<p>                  <input class=\"field-element\" type=\"text\" spellcheck=\"false\" placeholder=\"+45\" \/>\n                <\/div>\n<div id=\"textarea-yui_3_17_2_1_1412281116129_44681\" class=\"form-item field textarea\">\n                  <label class=\"title\" for=\"textarea-yui_3_17_2_1_1412281116129_44681-field\">Skriv her, hvis du har lyst &#8230;<\/label><\/p>\n<p>                  <textarea class=\"field-element \" id=\"textarea-yui_3_17_2_1_1412281116129_44681-field\" ><\/textarea>\n                <\/div>\n<\/p><\/div>\n<div class=\"form-button-wrapper form-button-wrapper--align-left\">\n          <input class=\"button sqs-system-button sqs-editable-button\" type=\"submit\" value=\"Jeg er f\u00e6\u00e6rdig!\"\/>\n        <\/div>\n<div class=\"hidden form-submission-text\">\n<p>Tak, DU er for nice, og vi gl\u00e6der os til at se dig! \ud83d\ude42<\/p>\n<\/div>\n<div class=\"hidden form-submission-html\" data-submission-html=\"\"><\/div>\n<\/p><\/form>\n<\/p><\/div>\n<\/div>\n<p id=\"yui_3_17_2_1_1412281116129_39594\"><\/p>\n","protected":false},"excerpt":{"rendered":"<p>Invitation til rejsefest Hej venner! Hvis det skulle v\u00e6re g\u00e5et nogens n\u00e6se forbi, har vi i l\u00f8bet af det sidste stykke tid ryddet gevaldigt ud i vores ting, opsagt vores lejlighed og k\u00f8bt en flybillet til Osaka, Japan med afgang den 10. februar. Hvad der skal ske derefter, vil tiden vise, men vi regner ikke [&hellip;]<\/p>\n","protected":false},"author":1,"featured_media":0,"parent":0,"menu_order":0,"comment_status":"closed","ping_status":"closed","template":"","meta":{"footnotes":""},"class_list":["post-676","page","type-page","status-publish","hentry"],"_links":{"self":[{"href":"https:\/\/fwt.1d.dk\/index.php?rest_route=\/wp\/v2\/pages\/676","targetHints":{"allow":["GET"]}}],"collection":[{"href":"https:\/\/fwt.1d.dk\/index.php?rest_route=\/wp\/v2\/pages"}],"about":[{"href":"https:\/\/fwt.1d.dk\/index.php?rest_route=\/wp\/v2\/types\/page"}],"author":[{"embeddable":true,"href":"https:\/\/fwt.1d.dk\/index.php?rest_route=\/wp\/v2\/users\/1"}],"replies":[{"embeddable":true,"href":"https:\/\/fwt.1d.dk\/index.php?rest_route=%2Fwp%2Fv2%2Fcomments&post=676"}],"version-history":[{"count":0,"href":"https:\/\/fwt.1d.dk\/index.php?rest_route=\/wp\/v2\/pages\/676\/revisions"}],"wp:attachment":[{"href":"https:\/\/fwt.1d.dk\/index.php?rest_route=%2Fwp%2Fv2%2Fmedia&parent=676"}],"curies":[{"name":"wp","href":"https:\/\/api.w.org\/{rel}","templated":true}]}}